{"id":26,"date":"2018-08-14T22:01:53","date_gmt":"2018-08-14T20:01:53","guid":{"rendered":"https:\/\/www.abc-weible.de\/abc\/?page_id=26"},"modified":"2019-07-16T12:29:58","modified_gmt":"2019-07-16T10:29:58","slug":"datenschutz","status":"publish","type":"page","link":"https:\/\/www.abc-weible.de\/abc\/datenschutz\/","title":{"rendered":"Datenschutzerkl\u00e4rung"},"content":{"rendered":"\t\t<div data-elementor-type=\"wp-post\" data-elementor-id=\"26\" class=\"elementor elementor-26\">\n\t\t\t\t\t\t\t\t\t<section class=\"elementor-section elementor-top-section elementor-element elementor-element-c70ccd3 elementor-section-full_width elementor-section-height-default elementor-section-height-default\" data-id=\"c70ccd3\" data-element_type=\"section\">\n\t\t\t\t\t\t<div class=\"elementor-container elementor-column-gap-default\">\n\t\t\t\t\t<div class=\"elementor-column elementor-col-100 elementor-top-column elementor-element elementor-element-61b1286\" data-id=\"61b1286\" data-element_type=\"column\">\n\t\t\t<div class=\"elementor-widget-wrap elementor-element-populated\">\n\t\t\t\t\t\t\t\t<div class=\"elementor-element elementor-element-907d946 elementor-widget-divider--view-line elementor-widget elementor-widget-divider\" data-id=\"907d946\" data-element_type=\"widget\" data-widget_type=\"divider.default\">\n\t\t\t\t<div class=\"elementor-widget-container\">\n\t\t\t\t\t<div class=\"elementor-divider\">\n\t\t\t<span class=\"elementor-divider-separator\">\n\t\t\t\t\t\t<\/span>\n\t\t<\/div>\n\t\t\t\t<\/div>\n\t\t\t\t<\/div>\n\t\t\t\t\t<\/div>\n\t\t<\/div>\n\t\t\t\t\t\t\t<\/div>\n\t\t<\/section>\n\t\t\t\t<section class=\"elementor-section elementor-top-section elementor-element elementor-element-fce28e2 elementor-section-full_width elementor-section-height-default elementor-section-height-default\" data-id=\"fce28e2\" data-element_type=\"section\">\n\t\t\t\t\t\t<div class=\"elementor-container elementor-column-gap-default\">\n\t\t\t\t\t<div class=\"elementor-column elementor-col-50 elementor-top-column elementor-element elementor-element-5e42488\" data-id=\"5e42488\" data-element_type=\"column\">\n\t\t\t<div class=\"elementor-widget-wrap elementor-element-populated\">\n\t\t\t\t\t\t\t\t<div class=\"elementor-element elementor-element-42d9683 elementor-widget elementor-widget-text-editor\" data-id=\"42d9683\" data-element_type=\"widget\" data-widget_type=\"text-editor.default\">\n\t\t\t\t<div class=\"elementor-widget-container\">\n\t\t\t\t\t\t\t<p><strong>Datenschutz<\/strong><br \/>Die Betreiber dieser Seiten nehmen den Schutz Ihrer pers\u00f6nlichen Daten sehr ernst. Wir behandeln Ihre personenbezogenen Daten vertraulich und entsprechend der gesetzlichen Datenschutzvorschriften sowie dieser Datenschutzerkl\u00e4rung.<br \/>Die Nutzung unserer Website ist in der Regel ohne Angabe personenbezogener Daten m\u00f6glich. Soweit auf unseren Seiten personenbezogene Daten (beispielsweise Name, Anschrift oder E-Mail-Adressen) erhoben werden, erfolgt dies, soweit m\u00f6glich, stets auf freiwilliger Basis. Diese Daten werden ohne Ihre ausdr\u00fcckliche Zustimmung nicht an Dritte weitergegeben.<br \/>Wir weisen darauf hin, dass die Daten\u00fcbertragung im Internet (z.B. bei der Kommunikation per E-Mail) Sicherheitsl\u00fccken aufweisen kann. Ein l\u00fcckenloser Schutz der Daten vor dem Zugriff durch Dritte ist nicht m\u00f6glich.<\/p><p><strong>Links zu anderen Internet-Seiten<\/strong><br \/>Diese Erkl\u00e4rung zum Datenschutz gilt f\u00fcr den Internetauftritt von ABC-Planungsleistungen im Baubereich GmbH, Dipl.-Ing. (FH) Hans Weible, Freier Architekt. Die Internet-Seiten in diesem Auftritt k\u00f6nnen Links auf Dritte enthalten, auf die sich die Datenschutzerkl\u00e4rung nicht erstreckt. Wenn Sie die Internet-Seite von ABC-Planungsleistungen im Baubereich GmbH, Dipl.-Ing. (FH) Hans Weible, Freier Architekt verlassen, wird empfohlen, die Datenschutz-Richtlinie jeder Internet-Seite, die personenbezogene Daten sammelt, sorgf\u00e4ltig zu lesen.<\/p><p><strong> Auskunftsrecht<\/strong><br \/>Wenn Sie Fragen hinsichtlich der Verarbeitung und Speicherung Ihrer pers\u00f6nlichen Daten haben, k\u00f6nnen Sie sich gerne an uns wenden. Wenn Sie als Betroffener Fragen oder Auskunftsw\u00fcnsche zu Ihren Daten an ABC-Planungsleistungen im Baubereich GmbH, Dipl.-Ing. (FH) Hans Weible, Freier Architekt haben, die im Zusammenhang mit unserer T\u00e4tigkeit als Adressen-Vermittler stehen, wenden Sie sich bitte ebenfalls an uns. Wir helfen Ihnen gerne bei der Kl\u00e4rung von Fragen unerw\u00fcnschter Werbung, soweit wir im konkreten Fall eingebunden sind und Einfluss-M\u00f6glichkeiten haben.<\/p><p><strong> Datenweitergabe \/ Zweckbindung<\/strong><br \/>Wir geben personenbezogene Daten nur an Dritte weiter, soweit dies f\u00fcr uns zur Erf\u00fcllung unserer Vertragsverpflichtungen, insbesondere zur Abwicklung eines geschlossenen Vertrages, notwendig ist. Wenn Sie uns pers\u00f6nliche Daten im Rahmen einer Einwilligung zur Verf\u00fcgung stellen, werden diese Daten nur f\u00fcr den Zweck genutzt, der der Einwilligung zu Grunde liegt und dem Sie vorab zugestimmt haben. Wir werden Ihre personenbezogenen Daten nur so lange speichern, wie dies f\u00fcr den vorgesehenen Zweck der Datenerhebung notwendig oder gesetzlich vorgeschrieben ist. Ihre schutzw\u00fcrdigen Belange werden gem\u00e4\u00df den gesetzlichen Bestimmungen ber\u00fccksichtigt. Sie k\u00f6nnen bei der verantwortlichen Stelle eine Auskunft \u00fcber die Sie betreffenden gespeicherten Daten erhalten. Eine Weitergabe von personenbezogenen Daten an Dritte findet au\u00dfer zu den genanntenZwecken der Vertrags- und Zahlungsabwicklung nicht statt.<\/p><p><strong>Cookies<\/strong><br \/>Die Internetseiten verwenden teilweise so genannte Cookies. Cookies richten auf Ihrem Rechner keinen Schaden an und enthalten keine Viren. Cookies dienen dazu, unser Angebot nutzerfreundlicher, effektiver und sicherer zu machen. Cookies sind kleine Textdateien, die auf Ihrem Rechner abgelegt werden und die Ihr Browser speichert. Die meisten der von uns verwendeten Cookies sind so genannte \u201eSession-Cookies\u201c. Sie werden nach Ende Ihres Besuchs automatisch gel\u00f6scht. Andere Cookies bleiben auf Ihrem Endger\u00e4t gespeichert, bis Sie diese l\u00f6schen. Diese Cookies erm\u00f6glichen es uns, Ihren Browser beim n\u00e4chsten Besuch wiederzuerkennen. Sie k\u00f6nnen Ihren Browser so einstellen, dass Sie \u00fcber das Setzen von Cookies informiert werden und Cookies nur im Einzelfall erlauben, die Annahme von Cookies f\u00fcr bestimmte F\u00e4lle oder generell ausschlie\u00dfen sowie das automatische L\u00f6schen der Cookies beim Schlie\u00dfen des Browser aktivieren. Bei der Deaktivierung von Cookies kann die Funktionalit\u00e4t dieser Website eingeschr\u00e4nkt sein.<\/p><p><strong> Server-Log-Files<\/strong><br \/>Der Provider der Seiten erhebt und speichert automatisch Informationen in so genannten Server-Log Files, die Ihr Browser automatisch an uns \u00fcbermittelt.<br \/>Dies sind:<br \/>\u2022 Browsertyp und Browserversion<br \/>\u2022 verwendetes Betriebssystem<br \/>\u2022 Referrer URL<br \/>\u2022 Hostname des zugreifenden Rechners<br \/>\u2022 Uhrzeit der Serveranfrage<br \/>Diese Daten sind nicht bestimmten Personen zuordenbar. Eine Zusammenf\u00fchrung dieser Daten mit anderen Datenquellen wird nicht vorgenommen. Wir behalten uns vor, diese Daten nachtr\u00e4glich zu pr\u00fcfen, wenn uns konkrete Anhaltspunkte f\u00fcr eine rechtswidrige Nutzung bekannt werden.<\/p><p><strong> Kontaktformular<\/strong><br \/>Wenn Sie uns per Kontaktformular Anfragen zukommen lassen, werden Ihre Angaben aus dem Anfrageformular inklusive der von Ihnen dort angegebenen Kontaktdaten zwecks Bearbeitung der Anfrage und f\u00fcr den Fall von Anschlussfragen bei uns gespeichert. Diese Daten geben wir nicht ohne Ihre Einwilligung weiter.<\/p>\t\t\t\t\t\t<\/div>\n\t\t\t\t<\/div>\n\t\t\t\t\t<\/div>\n\t\t<\/div>\n\t\t\t\t<div class=\"elementor-column elementor-col-50 elementor-top-column elementor-element elementor-element-9a23cbb\" data-id=\"9a23cbb\" data-element_type=\"column\">\n\t\t\t<div class=\"elementor-widget-wrap elementor-element-populated\">\n\t\t\t\t\t\t\t\t<div class=\"elementor-element elementor-element-34c1bc5 elementor-widget elementor-widget-text-editor\" data-id=\"34c1bc5\" data-element_type=\"widget\" data-widget_type=\"text-editor.default\">\n\t\t\t\t<div class=\"elementor-widget-container\">\n\t\t\t\t\t\t\t<p><strong>Google Analytics<\/strong><br \/>Diese Website nutzt Funktionen des Webanalysedienstes Google Analytics. Anbieter ist die Google Inc., 1600 Amphitheatre Parkway Mountain View, CA 94043, USA. Google Analytics verwendet so genannte &#8222;Cookies&#8220;. Das sind Textdateien, die auf Ihrem Computer gespeichert werden und die eine Analyse der Benutzung der Website durch Sie erm\u00f6glichen. Die durch den Cookie erzeugten Informationen \u00fcber Ihre Benutzung dieser Website werden in der Regel an einen Server von Google in den USA \u00fcbertragen und dort gespeichert.<\/p><p><strong>Browser Plugin<\/strong><br \/>Sie k\u00f6nnen die Speicherung der Cookies durch eine entsprechende Einstellung Ihrer Browser-Software verhindern; wir weisen Sie jedoch darauf hin, dass Sie in diesem Fall gegebenenfalls nicht s\u00e4mtliche Funktionen dieser Website vollumf\u00e4nglich werden nutzen k\u00f6nnen. Sie k\u00f6nnen dar\u00fcber hinaus die Erfassung der durch den Cookie erzeugten und auf Ihre Nutzung der Website bezogenen Daten (inkl. Ihrer IP-Adresse) an Google sowie die Verarbeitung dieser Daten durch Google verhindern, indem Sie das unter dem folgenden Link verf\u00fcgbare Browser-Plugin herunterladen und installieren: <a href=\"https:\/\/tools.google.com\/dlpage\/gaoptout?hl=de\" target=\"_blank\" rel=\"noopener\">https:\/\/tools.google.com\/dlpage\/gaoptout?hl=de<\/a><\/p><p>\u00a0<\/p><p><strong>Widerspruch gegen Datenerfassung<\/strong><br \/>Sie k\u00f6nnen die Erfassung Ihrer Daten durch Google Analytics verhindern, indem Sie auf folgenden Link klicken. Es wird ein Opt-Out-Cookie gesetzt, der die Erfassung Ihrer Daten bei zuk\u00fcnftigen Besuchen dieser Website verhindert: <a href=\"https:\/\/tools.google.com\/dlpage\/gaoptout?hl=de\" target=\"_blank\" rel=\"noopener\"><em>Google Analytics deaktivieren<\/em><\/a> Mehr Informationen zum Umgang mit Nutzerdaten bei Google Analytics finden Sie in der Datenschutzerkl\u00e4rung von Google: <a href=\"https:\/\/support.google.com\/analytics\/answer\/6004245?hl=de\" target=\"_blank\" rel=\"noopener\">https:\/\/support.google.com\/analytics\/answer\/6004245?hl=de<\/a><\/p><p><strong> Auftragsdatenverarbeitung<\/strong><br \/>Wir haben mit Google einen Vertrag zur Auftragsdatenverarbeitung abgeschlossen und setzen die strengen Vorgaben der deutschen Datenschutzbeh\u00f6rden bei der Nutzung von Google Analytics vollst\u00e4ndig um.<br \/>Demografische Merkmale bei Google Analytics<br \/>Diese Website nutzt die Funktion \u201cdemografische Merkmale\u201d von Google Analytics. Dadurch k\u00f6nnen Berichte erstellt werden, die Aussagen zu Alter, Geschlecht und Interessen der Seitenbesucher enthalten. Diese Daten stammen aus interessenbezogener Werbung von Google sowie aus Besucherdaten von Drittanbietern. Diese Daten k\u00f6nnen keiner bestimmten Person zugeordnet werden. Sie k\u00f6nnen diese Funktion jederzeit \u00fcber die Anzeigeneinstellungen in Ihrem Google-Konto deaktivieren oder die Erfassung Ihrer Daten durch Google Analytics wie im Punkt \u201cWiderspruch gegen Datenerfassung\u201d dargestellt generell untersagen.<\/p><p><strong> Google Maps<\/strong><br \/>Diese Webseite verwendet das Produkt Google Maps von Google Inc. Durch Nutzung dieser Webseite erkl\u00e4ren Sie sich mit der Erfassung, Bearbeitung sowie Nutzung der automatisiert erhobenen Daten durch Google Inc, deren Vertreter sowie Dritter einverstanden. Die Nutzungsbedingungen von Google Maps finden sie unter &#8222;Nutzungsbedingungen von Google Maps&#8220;.<\/p><p><strong> Verwendung von Webfonts<\/strong><br \/>Auf diesen Internetseiten werden externe Schriften, Google Fonts verwendet. Google Fonts ist ein Dienst der Google Inc. (&#8222;Google&#8220;). Die Einbindung dieser Web Fonts erfolgt durch einen Serveraufruf, in der Regel ein Server von Google in den USA. Hierdurch wird an den Server \u00fcbermittelt, welche unserer Internetseiten Sie besucht haben. Auch wird die IP-Adresse des Browsers des Endger\u00e4tes des Besuchers dieser Internetseiten von Google gespeichert. N\u00e4here Informationen finden Sie in den Datenschutzhinweisen von Google, die Sie hier abrufen k\u00f6nnen:<br \/><a href=\"https:\/\/support.google.com\/analytics\/answer\/6004245?hl=de\" target=\"_blank\" rel=\"noopener\">www.google.com\/fonts#AboutPlace:about<\/a><br \/><a href=\"https:\/\/support.google.com\/analytics\/answer\/6004245?hl=de\" target=\"_blank\" rel=\"noopener\">www.google.com\/policies\/privacy\/<\/a><\/p><p><strong> SSL-Verschl\u00fcsselung<\/strong><br \/>Diese Seite nutzt aus Gr\u00fcnden der Sicherheit und zum Schutz der \u00dcbertragung vertraulicher Inhalte, wie zum Beispiel der Anfragen, die Sie an uns als Seitenbetreiber senden, eine SSL-Verschl\u00fcsselung. Eine verschl\u00fcsselte Verbindung erkennen Sie daran, dass die Adresszeile des Browsers von &#8222;http:\/\/&#8220; auf &#8222;https:\/\/&#8220; wechselt und an dem Schloss-Symbol in Ihrer Browserzeile. Wenn die SSL Verschl\u00fcsselung aktiviert ist, k\u00f6nnen die Daten, die Sie an uns \u00fcbermitteln, nicht von Dritten mitgelesen werden.<br \/>Recht auf Auskunft, L\u00f6schung, Sperrung<br \/>Sie haben jederzeit das Recht auf unentgeltliche Auskunft \u00fcber Ihre gespeicherten personenbezogenen Daten, deren Herkunft und Empf\u00e4nger und den Zweck der Datenverarbeitung sowie ein Recht auf Berichtigung, Sperrung oder L\u00f6schung dieser Daten. Hierzu sowie zu weiteren Fragen zum Thema personenbezogene Daten k\u00f6nnen Sie sich jederzeit unter der im Impressum angegebenen Adresse an uns wenden.<\/p><p><strong> Widerspruch Werbe-Mails<\/strong><br \/>Der Nutzung von im Rahmen der Impressumspflicht ver\u00f6ffentlichten Kontaktdaten zur \u00dcbersendung von nicht ausdr\u00fccklich angeforderter Werbung und Informationsmaterialien wird hiermit widersprochen. Die Betreiber der Seiten behalten sich ausdr\u00fccklich rechtliche Schritte im Falle der unverlangten Zusendung von Werbeinformationen, etwa durch Spam-E-Mails, vor.<\/p><p>Quelle: e-recht24.de<\/p>\t\t\t\t\t\t<\/div>\n\t\t\t\t<\/div>\n\t\t\t\t\t<\/div>\n\t\t<\/div>\n\t\t\t\t\t\t\t<\/div>\n\t\t<\/section>\n\t\t\t\t<section class=\"elementor-section elementor-top-section elementor-element elementor-element-63751b2 elementor-section-stretched footer-abc elementor-section-boxed elementor-section-height-default elementor-section-height-default\" data-id=\"63751b2\" data-element_type=\"section\" data-settings=\"{&quot;stretch_section&quot;:&quot;section-stretched&quot;,&quot;background_background&quot;:&quot;classic&quot;}\">\n\t\t\t\t\t\t<div class=\"elementor-container elementor-column-gap-default\">\n\t\t\t\t\t<div class=\"elementor-column elementor-col-33 elementor-top-column elementor-element elementor-element-da192d7\" data-id=\"da192d7\" data-element_type=\"column\">\n\t\t\t<div class=\"elementor-widget-wrap elementor-element-populated\">\n\t\t\t\t\t\t\t\t<div class=\"elementor-element elementor-element-d01a6f7 elementor-widget elementor-widget-text-editor\" data-id=\"d01a6f7\" data-element_type=\"widget\" data-widget_type=\"text-editor.default\">\n\t\t\t\t<div class=\"elementor-widget-container\">\n\t\t\t\t\t\t\t<p><a href=\"https:\/\/www.abc-weible.de\/abc\/\"><strong><span style=\"color: #c9c3c3;\"><img decoding=\"async\" class=\" wp-image-565 alignnone\" src=\"https:\/\/www.abc-weible.de\/abc\/wp-content\/uploads\/2019\/07\/abc-logo.png\" alt=\"\" width=\"117\" height=\"109\" \/><\/span><\/strong><\/a><\/p><p><strong><span style=\"color: #c9c3c3;\">ABC-Planungsleistungen im Baubereich GmbH<\/span><\/strong><br \/><span style=\"color: #c9c3c3;\">Rudolf-Diesel-Stra\u00dfe 6<\/span><br \/><span style=\"color: #c9c3c3;\">72525 M\u00fcnsingen<\/span><\/p><p><span style=\"color: #c9c3c3;\">Tel.: 07381 &#8211; 93 65 20<\/span><br \/><span style=\"color: #c9c3c3;\">E-Mail: architektur@abc-weible.de<\/span><\/p>\t\t\t\t\t\t<\/div>\n\t\t\t\t<\/div>\n\t\t\t\t\t<\/div>\n\t\t<\/div>\n\t\t\t\t<div class=\"elementor-column elementor-col-33 elementor-top-column elementor-element elementor-element-b524ab2\" data-id=\"b524ab2\" data-element_type=\"column\">\n\t\t\t<div class=\"elementor-widget-wrap elementor-element-populated\">\n\t\t\t\t\t\t\t\t<div class=\"elementor-element elementor-element-b92c094 elementor-widget elementor-widget-text-editor\" data-id=\"b92c094\" data-element_type=\"widget\" data-widget_type=\"text-editor.default\">\n\t\t\t\t<div class=\"elementor-widget-container\">\n\t\t\t\t\t\t\t<p><img decoding=\"async\" class=\"alignnone size-full wp-image-82\" src=\"https:\/\/www.abc-weible.de\/abc\/wp-content\/uploads\/2018\/08\/hans-weible-logo.png\" alt=\"Hans Weible\" width=\"85\" height=\"85\" \/><\/p><p style=\"color: #c9c3c3;\">Dipl.-Ing. (FH) Hans Weible<br \/>Freier Architekt<\/p>\t\t\t\t\t\t<\/div>\n\t\t\t\t<\/div>\n\t\t\t\t\t<\/div>\n\t\t<\/div>\n\t\t\t\t<div class=\"elementor-column elementor-col-33 elementor-top-column elementor-element elementor-element-7516f54\" data-id=\"7516f54\" data-element_type=\"column\">\n\t\t\t<div class=\"elementor-widget-wrap elementor-element-populated\">\n\t\t\t\t\t\t\t\t<div class=\"elementor-element elementor-element-5a81e9e elementor-widget elementor-widget-text-editor\" data-id=\"5a81e9e\" data-element_type=\"widget\" data-widget_type=\"text-editor.default\">\n\t\t\t\t<div class=\"elementor-widget-container\">\n\t\t\t\t\t\t\t<p><strong><span style=\"color: #c9c3c3;\"><img decoding=\"async\" class=\"wp-image-601 alignnone\" src=\"https:\/\/www.abc-weible.de\/abc\/wp-content\/uploads\/2019\/07\/user-shield-solid-300x240.png\" alt=\"\" width=\"96\" height=\"77\" srcset=\"https:\/\/www.abc-weible.de\/abc\/wp-content\/uploads\/2019\/07\/user-shield-solid-300x240.png 300w, https:\/\/www.abc-weible.de\/abc\/wp-content\/uploads\/2019\/07\/user-shield-solid.png 640w\" sizes=\"(max-width: 96px) 100vw, 96px\" \/><\/span><\/strong><\/p><h4 style=\"color: #c9c3c3;\">Mitgliedschaften<\/h4><p><a href=\"https:\/\/www.akbw.de\/\" target=\"_blank\" rel=\"noopener\"><span style=\"color: #c9c3c3;\">Architektenkammer Baden-W\u00fcrttemberg<\/span><\/a><\/p><h4 style=\"color: #c9c3c3;\">Rechtliches<\/h4><p><a href=\"https:\/\/www.abc-weible.de\/abc\/impressum\/\"><span style=\"color: #c9c3c3;\">Impressum<\/span><\/a><br \/><a href=\"https:\/\/www.abc-weible.de\/abc\/datenschutz\/\"><span style=\"color: #c9c3c3;\">Datenschutzerkl\u00e4rung<\/span><\/a><\/p>\t\t\t\t\t\t<\/div>\n\t\t\t\t<\/div>\n\t\t\t\t\t<\/div>\n\t\t<\/div>\n\t\t\t\t\t\t\t<\/div>\n\t\t<\/section>\n\t\t\t\t\t\t\t<\/div>\n\t\t","protected":false},"excerpt":{"rendered":"<p>DatenschutzDie Betreiber dieser Seiten nehmen den Schutz Ihrer pers\u00f6nlichen Daten sehr ernst. Wir behandeln Ihre personenbezogenen Daten vertraulich und entsprechend der gesetzlichen Datenschutzvorschriften sowie dieser Datenschutzerkl\u00e4rung.Die Nutzung unserer Website ist in der Regel ohne Angabe personenbezogener Daten m\u00f6glich. Soweit auf unseren Seiten personenbezogene Daten (beispielsweise Name, Anschrift oder E-Mail-Adressen) erhoben werden, erfolgt dies, soweit m\u00f6glich, stets auf freiwilliger Basis. Diese Daten werden ohne Ihre ausdr\u00fcckliche Zustimmung nicht an Dritte weitergegeben.Wir weisen darauf hin, dass die Daten\u00fcbertragung im Internet (z.B. bei<a class=\"more-link\" href=\"https:\/\/www.abc-weible.de\/abc\/datenschutz\/\"><span>Weiterlesen<\/span><\/a><\/p>\n","protected":false},"author":1,"featured_media":0,"parent":0,"menu_order":0,"comment_status":"closed","ping_status":"closed","template":"template-full-width.php","meta":{"_monsterinsights_skip_tracking":false,"_monsterinsights_sitenote_active":false,"_monsterinsights_sitenote_note":"","_monsterinsights_sitenote_category":0,"_uf_show_specific_survey":0,"_uf_disable_surveys":false,"footnotes":""},"aioseo_notices":[],"_links":{"self":[{"href":"https:\/\/www.abc-weible.de\/abc\/wp-json\/wp\/v2\/pages\/26"}],"collection":[{"href":"https:\/\/www.abc-weible.de\/abc\/wp-json\/wp\/v2\/pages"}],"about":[{"href":"https:\/\/www.abc-weible.de\/abc\/wp-json\/wp\/v2\/types\/page"}],"author":[{"embeddable":true,"href":"https:\/\/www.abc-weible.de\/abc\/wp-json\/wp\/v2\/users\/1"}],"replies":[{"embeddable":true,"href":"https:\/\/www.abc-weible.de\/abc\/wp-json\/wp\/v2\/comments?post=26"}],"version-history":[{"count":6,"href":"https:\/\/www.abc-weible.de\/abc\/wp-json\/wp\/v2\/pages\/26\/revisions"}],"predecessor-version":[{"id":863,"href":"https:\/\/www.abc-weible.de\/abc\/wp-json\/wp\/v2\/pages\/26\/revisions\/863"}],"wp:attachment":[{"href":"https:\/\/www.abc-weible.de\/abc\/wp-json\/wp\/v2\/media?parent=26"}],"curies":[{"name":"wp","href":"https:\/\/api.w.org\/{rel}","templated":true}]}}